{"id":229095,"date":"2024-10-10T03:45:34","date_gmt":"2024-10-10T01:45:34","guid":{"rendered":"https:\/\/staging.bolli-modestoffe.ch\/?page_id=229095"},"modified":"2026-04-27T17:35:52","modified_gmt":"2026-04-27T15:35:52","slug":"angebot-des-monats","status":"publish","type":"page","link":"https:\/\/www.bolli-modestoffe.ch\/fr\/angebot-des-monats\/","title":{"rendered":"Angebot des Monats"},"content":{"rendered":"<div class=\"wp-block-group boli-grid-2 is-layout-grid wp-container-core-group-is-layout-8da69725 wp-block-group-is-layout-grid\">\n<div class=\"wp-block-columns is-layout-flex wp-container-core-columns-is-layout-28f84493 wp-block-columns-is-layout-flex\">\n<div class=\"wp-block-column header-title is-layout-flow wp-block-column-is-layout-flow\">\n<h2 class=\"wp-block-heading\">Angebot des Monats<\/h2>\n<\/div>\n<\/div>\n\n\n\n<div class=\"wp-block-columns wp-container-content-22a8b0d6 is-layout-flex wp-container-core-columns-is-layout-28f84493 wp-block-columns-is-layout-flex\">\n<div class=\"wp-block-column boli-grid-content is-layout-flow wp-block-column-is-layout-flow\">\n<p class=\"medium-text\">Bei uns bekommen Sie jeden Monat ein tolles Angebot f\u00fcr echte N\u00e4hfreu(n)de!<br><\/p>\n\n\n\n<figure class=\"wp-block-image size-full\"><img loading=\"lazy\" decoding=\"async\" width=\"540\" height=\"360\" src=\"https:\/\/www.bolli-modestoffe.ch\/wp-content\/uploads\/2026\/04\/39-Stickfuss-mit-transparenter-Sohle.jpg\" alt=\"\" class=\"wp-image-444970\" srcset=\"https:\/\/www.bolli-modestoffe.ch\/wp-content\/uploads\/2026\/04\/39-Stickfuss-mit-transparenter-Sohle.jpg 540w, https:\/\/www.bolli-modestoffe.ch\/wp-content\/uploads\/2026\/04\/39-Stickfuss-mit-transparenter-Sohle-300x200.jpg 300w, https:\/\/www.bolli-modestoffe.ch\/wp-content\/uploads\/2026\/04\/39-Stickfuss-mit-transparenter-Sohle-18x12.jpg 18w, https:\/\/www.bolli-modestoffe.ch\/wp-content\/uploads\/2026\/04\/39-Stickfuss-mit-transparenter-Sohle-324x216.jpg 324w\" sizes=\"auto, (max-width: 540px) 100vw, 540px\" \/><\/figure>\n\n\n\n<figure class=\"wp-block-image size-full\"><img loading=\"lazy\" decoding=\"async\" width=\"540\" height=\"360\" src=\"https:\/\/www.bolli-modestoffe.ch\/wp-content\/uploads\/2026\/04\/39C-Stickfuss-mit-transparenter-Sohle.jpg\" alt=\"\" class=\"wp-image-444971\" srcset=\"https:\/\/www.bolli-modestoffe.ch\/wp-content\/uploads\/2026\/04\/39C-Stickfuss-mit-transparenter-Sohle.jpg 540w, https:\/\/www.bolli-modestoffe.ch\/wp-content\/uploads\/2026\/04\/39C-Stickfuss-mit-transparenter-Sohle-300x200.jpg 300w, https:\/\/www.bolli-modestoffe.ch\/wp-content\/uploads\/2026\/04\/39C-Stickfuss-mit-transparenter-Sohle-18x12.jpg 18w, https:\/\/www.bolli-modestoffe.ch\/wp-content\/uploads\/2026\/04\/39C-Stickfuss-mit-transparenter-Sohle-324x216.jpg 324w\" sizes=\"auto, (max-width: 540px) 100vw, 540px\" \/><\/figure>\n\n\n\n<p><strong>Vom 1. bis 31.05. 2026 sparen Sie 20% beim Kauf einen Stickfuss mit transparenter Sohle<\/strong> #39\/#39C<\/p>\n\n\n\n<p>Der Stickfuss mit transparenter Sohle #39\/#39C ist ein vielseitig einsetzbares Modell. Der N\u00e4hfuss eignet sich perfekt f\u00fcr kompakte Dekorstiche, Raupenn\u00e4hte und Applikationsarbeiten wie auch zum N\u00e4hen von Luftfestons.<\/p>\n\n\n\n<p>Ein weiteren Profit zieht er aus dem Loch in der Fussmitte, dass er besitzt. Dieses kommt der F\u00fchrung zum \u00dcbern\u00e4hen eines Beilaufgarnes zugute, das genau unter der Nadel hindurchgef\u00fchrt wird. Auch Dekorprojekte mit Reliefeffekten werden mit dem Stickfuss mit transparenter Sohle #39\/#39C erleichtert.<\/p>\n\n\n\n<p>Der Stickfuss mit transparenter Sohle #39\/#39C ist der Nachfolger des sich schon bew\u00e4hrten Stickfusses #6 und gew\u00e4hrt durch seine transparente Sohle immer einen freien Blick auf den Stickbereich.<\/p>\n\n\n\n<p><a href=\"https:\/\/www.bolli-modestoffe.ch\/fr\/produit\/stickfuss-mit-transp\/\">Zum Shop: Stickfuss #39<\/a><\/p>\n\n\n\n<p><a href=\"https:\/\/www.bolli-modestoffe.ch\/fr\/produit\/stickfuss-mit-transp-2\/\">Zum Shop: Stickfuss #39C<\/a><\/p>\n<\/div>\n<\/div>\n<\/div>\n\n\n\n<p><\/p>","protected":false},"excerpt":{"rendered":"<p>Angebot des Monats Bei uns bekommen Sie jeden Monat ein tolles Angebot f\u00fcr echte N\u00e4hfreu(n)de! Vom 1. bis 31.05. 2026 sparen Sie 20% beim Kauf einen Stickfuss mit transparenter Sohle #39\/#39C Der Stickfuss mit transparenter Sohle #39\/#39C ist ein vielseitig einsetzbares Modell. Der N\u00e4hfuss eignet sich perfekt f\u00fcr kompakte Dekorstiche, Raupenn\u00e4hte und Applikationsarbeiten wie auch [&hellip;]<\/p>\n","protected":false},"author":1,"featured_media":0,"parent":0,"menu_order":0,"comment_status":"closed","ping_status":"closed","template":"","meta":{"_acf_changed":false,"footnotes":""},"class_list":["post-229095","page","type-page","status-publish","hentry"],"acf":[],"_links":{"self":[{"href":"https:\/\/www.bolli-modestoffe.ch\/fr\/wp-json\/wp\/v2\/pages\/229095","targetHints":{"allow":["GET"]}}],"collection":[{"href":"https:\/\/www.bolli-modestoffe.ch\/fr\/wp-json\/wp\/v2\/pages"}],"about":[{"href":"https:\/\/www.bolli-modestoffe.ch\/fr\/wp-json\/wp\/v2\/types\/page"}],"author":[{"embeddable":true,"href":"https:\/\/www.bolli-modestoffe.ch\/fr\/wp-json\/wp\/v2\/users\/1"}],"replies":[{"embeddable":true,"href":"https:\/\/www.bolli-modestoffe.ch\/fr\/wp-json\/wp\/v2\/comments?post=229095"}],"version-history":[{"count":57,"href":"https:\/\/www.bolli-modestoffe.ch\/fr\/wp-json\/wp\/v2\/pages\/229095\/revisions"}],"predecessor-version":[{"id":444972,"href":"https:\/\/www.bolli-modestoffe.ch\/fr\/wp-json\/wp\/v2\/pages\/229095\/revisions\/444972"}],"wp:attachment":[{"href":"https:\/\/www.bolli-modestoffe.ch\/fr\/wp-json\/wp\/v2\/media?parent=229095"}],"curies":[{"name":"wp","href":"https:\/\/api.w.org\/{rel}","templated":true}]}}