{"id":62,"date":"2023-09-23T17:24:23","date_gmt":"2023-09-23T15:24:23","guid":{"rendered":"https:\/\/bp-bricks-woo.stauss.de\/?page_id=62"},"modified":"2025-09-09T10:35:10","modified_gmt":"2025-09-09T08:35:10","slug":"kontakt","status":"publish","type":"page","link":"https:\/\/www.bolli-modestoffe.ch\/fr\/kontakt\/","title":{"rendered":"Contact"},"content":{"rendered":"<h3 class=\"wp-block-heading mb-25\">Nous nous r\u00e9jouissons de votre visite !<\/h3>\n\n\n\n<p class=\"mb-90\">Visitez notre magasin sp\u00e9cialis\u00e9 \u00e0 l'adresse Steinberggasse 12\/14 \u00e0 Winterthour et d\u00e9couvrez par vous-m\u00eame notre large s\u00e9lection et notre vaste assortiment.<\/p>\n\n\n\n<h3 class=\"wp-block-heading mb-25\">Places de parking<\/h3>\n\n\n\n<p>Dans la vieille ville de Winterthour, les places de parking sont limit\u00e9es. Cependant, il existe plusieurs parkings publics \u00e0 proximit\u00e9 que vous pouvez utiliser si vous venez en voiture. Nous recommandons d'utiliser les transports publics. La gare principale se trouve \u00e0 seulement 10 minutes \u00e0 pied de chez nous.<\/p>\n\n\n\n<div class=\"wp-block-buttons parkhausbutton is-layout-flex wp-block-buttons-is-layout-flex\">\n<div class=\"wp-block-button\"><a class=\"wp-block-button__link wp-element-button\" href=\"https:\/\/junge-altstadt.ch\/altstadtbesuch\/parkleitsystem\/\" target=\"_blank\" rel=\"noreferrer noopener\">PARKH\u00c4USER IN DER N\u00c4HE ANSEHEN<\/a><\/div>\n<\/div>\n\n\n\n<div class=\"wp-block-group contact-box is-layout-grid wp-container-core-group-is-layout-0e82c502 wp-block-group-is-layout-grid\">\n<div class=\"wp-block-group contact-info is-nowrap is-layout-flex wp-container-core-group-is-layout-6c531013 wp-block-group-is-layout-flex\">\n<figure class=\"wp-block-image size-large\"><img loading=\"lazy\" decoding=\"async\" width=\"53\" height=\"53\" src=\"https:\/\/www.bolli-modestoffe.ch\/wp-content\/uploads\/2025\/09\/mail.svg\" alt=\"\" class=\"wp-image-357983\"\/><\/figure>\n\n\n\n<p><strong class=\"font-lora\">Email<\/strong><br><a href=\"mailto:info@bolli-modestoffe.ch\">info@bolli-modestoffe.ch<\/a><\/p>\n<\/div>\n\n\n\n<div class=\"wp-block-group contact-info is-nowrap is-layout-flex wp-container-core-group-is-layout-6c531013 wp-block-group-is-layout-flex\">\n<figure class=\"wp-block-image size-large\"><img loading=\"lazy\" decoding=\"async\" width=\"53\" height=\"53\" src=\"https:\/\/www.bolli-modestoffe.ch\/wp-content\/uploads\/2025\/09\/Element-6.svg\" alt=\"\" class=\"wp-image-357991\"\/><\/figure>\n\n\n\n<p><strong class=\"font-lora\">T\u00e9l\u00e9phone<\/strong><br><a href=\"tel:052 213 90 35\"><\/a><a href=\"tel:+41522139035\">052 213 90 35<\/a><\/p>\n<\/div>\n\n\n\n<div class=\"wp-block-group contact-info is-nowrap is-layout-flex wp-container-core-group-is-layout-6c531013 wp-block-group-is-layout-flex\">\n<figure class=\"wp-block-image size-large\"><img loading=\"lazy\" decoding=\"async\" width=\"53\" height=\"53\" src=\"https:\/\/www.bolli-modestoffe.ch\/wp-content\/uploads\/2025\/09\/map.svg\" alt=\"\" class=\"wp-image-357984\"\/><\/figure>\n\n\n\n<p><strong class=\"font-lora\">Adresse<\/strong><br>Steinberggasse 12\/14, 8401 Winterthur<\/p>\n<\/div>\n<\/div>\n\n\n\n    <div class=\"acf-map mb-55\" style=\"width:100%; height:500px;\"><\/div>\n    <script>\n        function initMap() {\n            var map = new google.maps.Map(document.querySelector('.acf-map'), {\n                zoom: 15,\n                center: { lat: 47.498444, lng: 8.72958 }\n            });\n            new google.maps.Marker({\n                position: { lat: 47.498444, lng: 8.72958 },\n                map: map\n            });\n        }\n        window.addEventListener('load', function () {\n            initMap();\n        });\n    <\/script>\n    <script src=\"https:\/\/maps.googleapis.com\/maps\/api\/js?key=AIzaSyByAc1wt8n6Eu9_CugTtp3Ke0qTopWq3do\"><\/script>\n\n\n\n\n<div class=\"wp-block-buttons maps-buttons is-layout-flex wp-block-buttons-is-layout-flex\">\n<div class=\"wp-block-button\"><a class=\"wp-block-button__link wp-element-button\" href=\"https:\/\/www.google.com\/maps\/dir\/\/Bolli+Textilwaren+AG+-+Modestoffe,+Mercerie,+N%C3%A4hcenter,+Steinberggasse+12%2F14,+8401+Winterthur\/@47.4984476,8.7270051,17z\/data=!4m9!4m8!1m0!1m5!1m1!1s0x479a99d11a7738cd:0xab0b2ff6828f2e91!2m2!1d8.72958!2d47.498444!3e0?hl=de-DE&amp;entry=ttu&amp;g_ep=EgoyMDI1MDgyNS4wIKXMDSoASAFQAw%3D%3D\" target=\"_blank\" rel=\"noreferrer noopener\">Planificateur d'itin\u00e9raire<\/a><\/div>\n\n\n\n<div class=\"wp-block-button\"><a class=\"wp-block-button__link wp-element-button\" href=\"https:\/\/junge-altstadt.ch\/altstadtbesuch\/parkleitsystem\/\" target=\"_blank\" rel=\"noreferrer noopener\">Parkh\u00e4user in der N\u00e4he<\/a><\/div>\n\n\n\n<div class=\"wp-block-button\"><a class=\"wp-block-button__link wp-element-button\" href=\"https:\/\/www.google.com\/maps\/dir\/47.4995243,8.7237286\/47.498444,8.72958\/@47.498786,8.725418,18z\/data=!4m19!4m18!1m15!3m4!1m2!1d8.724407!2d47.4991516!3s0x479a9977a65a34cb:0xe5642256a7f98330!3m4!1m2!1d8.7261803!2d47.4989401!3s0x479a9977c6f225d7:0x8ad2ae6f0c55630e!3m4!1m2!1d8.72655!2d47.49857!3s0x479a9977d04da7c3:0x70ff78ac1ca220f6!1m0!3e2?hl=de-DE&amp;entry=ttu&amp;g_ep=EgoyMDI1MDgyNS4wIKXMDSoASAFQAw%3D%3D\" target=\"_blank\" rel=\"noreferrer noopener\">\u00c0 pied depuis la gare<\/a><\/div>\n<\/div>\n\n\n\n<div class=\"wpcf7 no-js\" id=\"wpcf7-f357703-o1\" lang=\"en-US\" dir=\"ltr\" data-wpcf7-id=\"357703\">\n<div class=\"screen-reader-response\"><p role=\"status\" aria-live=\"polite\" aria-atomic=\"true\"><\/p> <ul><\/ul><\/div>\n<form action=\"\/fr\/wp-json\/wp\/v2\/pages\/62#wpcf7-f357703-o1\" method=\"post\" class=\"wpcf7-form init\" aria-label=\"Contact form\" novalidate=\"novalidate\" data-status=\"init\" data-trp-original-action=\"\/fr\/wp-json\/wp\/v2\/pages\/62#wpcf7-f357703-o1\">\n<fieldset class=\"hidden-fields-container\"><input type=\"hidden\" name=\"_wpcf7\" value=\"357703\" \/><input type=\"hidden\" name=\"_wpcf7_version\" value=\"6.1.5\" \/><input type=\"hidden\" name=\"_wpcf7_locale\" value=\"en_US\" \/><input type=\"hidden\" name=\"_wpcf7_unit_tag\" value=\"wpcf7-f357703-o1\" \/><input type=\"hidden\" name=\"_wpcf7_container_post\" value=\"0\" \/><input type=\"hidden\" name=\"_wpcf7_posted_data_hash\" value=\"\" \/>\n<\/fieldset>\n<div class=\"wpcf7-turnstile cf-turnstile\" data-sitekey=\"0x4AAAAAAB3OPrpaQ1gqPpKV\" data-response-field-name=\"_wpcf7_turnstile_response\"><\/div>\n\n<div class=\"form-row full-width\">\n<label> Nom<span class=\"text-danger\"> * <\/span>\n    <span class=\"wpcf7-form-control-wrap\" data-name=\"vorname\"><input size=\"40\" maxlength=\"400\" class=\"wpcf7-form-control wpcf7-text wpcf7-validates-as-required\" aria-required=\"true\" aria-invalid=\"false\" value=\"\" type=\"text\" name=\"vorname\" \/><\/span> <\/label>\n<\/div>\n\n<div class=\"form-row full-width\">\n<label> T\u00e9l\u00e9phone<span class=\"text-danger\"> * <\/span>\n    <span class=\"wpcf7-form-control-wrap\" data-name=\"telefon\"><input size=\"40\" maxlength=\"400\" class=\"wpcf7-form-control wpcf7-tel wpcf7-validates-as-required wpcf7-text wpcf7-validates-as-tel\" aria-required=\"true\" aria-invalid=\"false\" value=\"\" type=\"tel\" name=\"telefon\" \/><\/span> <\/label>\n<\/div>\n\n<div class=\"form-row full-width\">\n<label> E-mail<span class=\"text-danger\"> * <\/span>\n    <span class=\"wpcf7-form-control-wrap\" data-name=\"email\"><input size=\"40\" maxlength=\"400\" class=\"wpcf7-form-control wpcf7-email wpcf7-validates-as-required wpcf7-text wpcf7-validates-as-email\" aria-required=\"true\" aria-invalid=\"false\" value=\"\" type=\"email\" name=\"email\" \/><\/span> <\/label>\n<\/div>\n\n<div class=\"form-row full-width\">\n<label> Nachricht  (optional)\n    <span class=\"wpcf7-form-control-wrap\" data-name=\"bemerkung\"><textarea cols=\"40\" rows=\"10\" maxlength=\"2000\" class=\"wpcf7-form-control wpcf7-textarea\" aria-invalid=\"false\" name=\"bemerkung\"><\/textarea><\/span> <\/label>\n<\/div>\n<div class=\"form-row full-width\">\n<small>Note sur la protection des donn\u00e9es : En utilisant notre formulaire de contact, vous acceptez que vos donn\u00e9es soient utilis\u00e9es pour traiter votre demande. Ces donn\u00e9es ne seront pas transmises \u00e0 des tiers. Vous pouvez vous opposer \u00e0 l'utilisation de vos donn\u00e9es \u00e0 tout moment par e-mail. Pour plus d'informations, veuillez consulter notre <a href=\"\/fr\/datenschutz\/\">D\u00e9claration de confidentialit\u00e9<\/a>.<\/small><br\/><\/div>\n\n<div class=\"form-row full-width-kontakt\" >\n<input class=\"wpcf7-form-control wpcf7-submit has-spinner\" type=\"submit\" value=\"NACHRICHT SENDEN\" \/>\n<\/div><input type='hidden' class='wpcf7-pum' value='{\"closepopup\":false,\"closedelay\":0,\"openpopup\":false,\"openpopup_id\":0}' \/><div class=\"wpcf7-response-output\" aria-hidden=\"true\"><\/div>\n<input type=\"hidden\" name=\"trp-form-language\" value=\"fr\"\/><\/form>\n<\/div>","protected":false},"excerpt":{"rendered":"<p>Wir freuen uns auf ihren Besuch! Besuchen Sie unser Fachgesch\u00e4ft an der Winterthurer Steinberggasse 12\/14 und \u00fcberzeugen Sie sich selbst von der riesigen Auswahl und dem breiten Sortiment. Parkpl\u00e4tze In der Altstadt Winterthur ist das Parkplatzangebot beschr\u00e4nkt. Es gibt aber einige Parkh\u00e4user ganz in unserer N\u00e4he die Sie benutzen k\u00f6nnen, wenn Sie mit dem Auto [&hellip;]<\/p>\n","protected":false},"author":1,"featured_media":0,"parent":0,"menu_order":0,"comment_status":"closed","ping_status":"closed","template":"","meta":{"_acf_changed":false,"footnotes":""},"class_list":["post-62","page","type-page","status-publish","hentry"],"acf":[],"_links":{"self":[{"href":"https:\/\/www.bolli-modestoffe.ch\/fr\/wp-json\/wp\/v2\/pages\/62","targetHints":{"allow":["GET"]}}],"collection":[{"href":"https:\/\/www.bolli-modestoffe.ch\/fr\/wp-json\/wp\/v2\/pages"}],"about":[{"href":"https:\/\/www.bolli-modestoffe.ch\/fr\/wp-json\/wp\/v2\/types\/page"}],"author":[{"embeddable":true,"href":"https:\/\/www.bolli-modestoffe.ch\/fr\/wp-json\/wp\/v2\/users\/1"}],"replies":[{"embeddable":true,"href":"https:\/\/www.bolli-modestoffe.ch\/fr\/wp-json\/wp\/v2\/comments?post=62"}],"version-history":[{"count":28,"href":"https:\/\/www.bolli-modestoffe.ch\/fr\/wp-json\/wp\/v2\/pages\/62\/revisions"}],"predecessor-version":[{"id":362424,"href":"https:\/\/www.bolli-modestoffe.ch\/fr\/wp-json\/wp\/v2\/pages\/62\/revisions\/362424"}],"wp:attachment":[{"href":"https:\/\/www.bolli-modestoffe.ch\/fr\/wp-json\/wp\/v2\/media?parent=62"}],"curies":[{"name":"wp","href":"https:\/\/api.w.org\/{rel}","templated":true}]}}