{"id":82262,"date":"2023-12-13T17:48:32","date_gmt":"2023-12-13T16:48:32","guid":{"rendered":"https:\/\/www.bolli.stauss-beta.de\/?page_id=82262"},"modified":"2025-09-12T01:44:29","modified_gmt":"2025-09-11T23:44:29","slug":"reparaturdienst-mercerie","status":"publish","type":"page","link":"https:\/\/www.bolli-modestoffe.ch\/fr\/reparaturdienst-mercerie\/","title":{"rendered":"Service de r\u00e9paration Mercerie"},"content":{"rendered":"<div class=\"wp-block-columns position-relative is-layout-flex wp-container-core-columns-is-layout-28f84493 wp-block-columns-is-layout-flex\">\n<div class=\"wp-block-column is-layout-flow wp-block-column-is-layout-flow\" style=\"flex-basis:33.33%\">\n<h2 class=\"wp-block-heading stroke-left translation-block\">Service de <br>r\u00e9paration Mercerie<br><\/h2>\n<\/div>\n\n\n\n<div class=\"wp-block-column right-block mt-70 is-layout-flow wp-block-column-is-layout-flow\" style=\"flex-basis:66.66%\">\n<figure class=\"wp-block-image size-full sticky-img\"><img loading=\"lazy\" decoding=\"async\" width=\"227\" height=\"227\" src=\"https:\/\/www.bolli-modestoffe.ch\/wp-content\/uploads\/2025\/09\/zertifizierungs-kleber-neutral-1-1.png\" alt=\"\" class=\"wp-image-358037\" srcset=\"https:\/\/www.bolli-modestoffe.ch\/wp-content\/uploads\/2025\/09\/zertifizierungs-kleber-neutral-1-1.png 227w, https:\/\/www.bolli-modestoffe.ch\/wp-content\/uploads\/2025\/09\/zertifizierungs-kleber-neutral-1-1-100x100.png 100w, https:\/\/www.bolli-modestoffe.ch\/wp-content\/uploads\/2025\/09\/zertifizierungs-kleber-neutral-1-1-150x150.png 150w, https:\/\/www.bolli-modestoffe.ch\/wp-content\/uploads\/2025\/09\/zertifizierungs-kleber-neutral-1-1-12x12.png 12w\" sizes=\"auto, (max-width: 227px) 100vw, 227px\" \/><\/figure>\n\n\n\n<p class=\"fs-23\">Nous donnons une seconde vie \u00e0 votre v\u00eatement et nous chargeons pour vous des travaux de r\u00e9paration d\u00e9licats.<\/p>\n\n\n\n<p><strong>R\u00e9parer les fermetures \u00e0 glissi\u00e8re :<\/strong><\/p>\n\n\n\n<ul class=\"wp-block-list\">\n<li>Remplacer la glissi\u00e8re de la literie (CHF 5.50)<\/li>\n\n\n\n<li>Remplacer la vanne (CHF 15.-)<\/li>\n\n\n\n<li>Raccourcir la fermeture \u00e9clair (CHF 9.-)<\/li>\n<\/ul>\n\n\n\n<p><strong>recouvrir de tissu (prix selon la taille et la forme de CHF 1.70 \u00e0 4.00 \/ par bouton).<\/strong>&nbsp;mit Stoff \u00fcberziehen (Preise je nach Gr\u00f6sse und Form von CHF 1.70 \u2013 4.00 \/ pro Knopf).<\/p>\n\n\n\n<div class=\"wp-block-buttons button-red is-layout-flex wp-block-buttons-is-layout-flex\">\n<div class=\"wp-block-button\"><a class=\"wp-block-button__link wp-element-button\">Prendre contact<\/a><\/div>\n<\/div>\n<\/div>\n<\/div>","protected":false},"excerpt":{"rendered":"<p>ReparaturdienstMercerie Wir schenken Ihrem Kleidungsst\u00fcck ein zweites Leben und \u00fcbernehmen f\u00fcr Sie knifflige Reparaturarbeiten. Reissverschl\u00fcsse reparieren: Knopfrohlinge&nbsp;mit Stoff \u00fcberziehen (Preise je nach Gr\u00f6sse und Form von CHF 1.70 \u2013 4.00 \/ pro Knopf).<\/p>","protected":false},"author":1,"featured_media":0,"parent":0,"menu_order":0,"comment_status":"closed","ping_status":"closed","template":"","meta":{"_acf_changed":false,"footnotes":""},"class_list":["post-82262","page","type-page","status-publish","hentry"],"acf":[],"_links":{"self":[{"href":"https:\/\/www.bolli-modestoffe.ch\/fr\/wp-json\/wp\/v2\/pages\/82262","targetHints":{"allow":["GET"]}}],"collection":[{"href":"https:\/\/www.bolli-modestoffe.ch\/fr\/wp-json\/wp\/v2\/pages"}],"about":[{"href":"https:\/\/www.bolli-modestoffe.ch\/fr\/wp-json\/wp\/v2\/types\/page"}],"author":[{"embeddable":true,"href":"https:\/\/www.bolli-modestoffe.ch\/fr\/wp-json\/wp\/v2\/users\/1"}],"replies":[{"embeddable":true,"href":"https:\/\/www.bolli-modestoffe.ch\/fr\/wp-json\/wp\/v2\/comments?post=82262"}],"version-history":[{"count":8,"href":"https:\/\/www.bolli-modestoffe.ch\/fr\/wp-json\/wp\/v2\/pages\/82262\/revisions"}],"predecessor-version":[{"id":363874,"href":"https:\/\/www.bolli-modestoffe.ch\/fr\/wp-json\/wp\/v2\/pages\/82262\/revisions\/363874"}],"wp:attachment":[{"href":"https:\/\/www.bolli-modestoffe.ch\/fr\/wp-json\/wp\/v2\/media?parent=82262"}],"curies":[{"name":"wp","href":"https:\/\/api.w.org\/{rel}","templated":true}]}}