{"id":435439,"date":"2026-02-16T09:22:19","date_gmt":"2026-02-16T08:22:19","guid":{"rendered":"https:\/\/www.bolli-modestoffe.ch\/produkt\/2-in-1-beleuchtete-freihandlupe\/"},"modified":"2026-02-16T10:44:47","modified_gmt":"2026-02-16T09:44:47","slug":"2-in-1-beleuchtete-freihandlupe","status":"publish","type":"product","link":"https:\/\/www.bolli-modestoffe.ch\/fr\/produit\/2-in-1-beleuchtete-freihandlupe\/","title":{"rendered":"<div class='designation1'>loupe \u00e9clair\u00e9e \u00e0 main lev\u00e9e<\/div><div class='designation2'><\/div>"},"content":{"rendered":"<div class='html translation-block'>\n<p><span style=\"font-family:Arial;font-size:14px;color:#000000\">fonctionnant sur piles (piles incluses)<\/span><\/p>\n<p><span style=\"font-family:Arial;font-size:14px;color:#000000\">faible consommation d&#8217;&#233;nergie<\/span><\/p>\n<p><span style=\"font-family:Arial;font-size:14px;color:#000000\">Technologie LED<\/span><\/p>\n<p><span style=\"font-family:Arial;font-size:14px;color:#000000\">Effet de lumi&#232;re naturelle pour une correspondance parfaite des couleurs<\/span><\/p>\n<p><span style=\"font-family:Arial;font-size:14px;color:#000000\">Objectif 130 mm<\/span><\/p>\n<p><span style=\"font-family:Arial;font-size:14px;color:#000000\">Grossissement 2x<\/span><\/p>\n<p><span style=\"font-family:Arial;font-size:14px;color:#000000\">bras flexible pour un positionnement parfait<\/span><\/p>\n<p><span style=\"font-family:Arial;font-size:14px;color:#000000\">La base en m&#233;tal maintient la loupe stable<\/span><\/p>\n<\/p>\n<\/div>","protected":false},"excerpt":{"rendered":"<p>loupe \u00e9clair\u00e9e \u00e0 main lev\u00e9e<\/p>","protected":false},"featured_media":274914,"comment_status":"open","ping_status":"closed","template":"","meta":{"_acf_changed":false},"product_brand":[],"product_cat":[4268,4033,4079],"product_tag":[],"class_list":{"0":"post-435439","1":"product","2":"type-product","3":"status-publish","4":"has-post-thumbnail","6":"product_cat-lampen","7":"product_cat-mercerie","8":"product_cat-nhmaschinen-zubehr","10":"first","11":"instock","12":"taxable","13":"shipping-taxable","14":"purchasable","15":"product-type-simple"},"acf":[],"_links":{"self":[{"href":"https:\/\/www.bolli-modestoffe.ch\/fr\/wp-json\/wp\/v2\/product\/435439","targetHints":{"allow":["GET"]}}],"collection":[{"href":"https:\/\/www.bolli-modestoffe.ch\/fr\/wp-json\/wp\/v2\/product"}],"about":[{"href":"https:\/\/www.bolli-modestoffe.ch\/fr\/wp-json\/wp\/v2\/types\/product"}],"replies":[{"embeddable":true,"href":"https:\/\/www.bolli-modestoffe.ch\/fr\/wp-json\/wp\/v2\/comments?post=435439"}],"wp:featuredmedia":[{"embeddable":true,"href":"https:\/\/www.bolli-modestoffe.ch\/fr\/wp-json\/wp\/v2\/media\/274914"}],"wp:attachment":[{"href":"https:\/\/www.bolli-modestoffe.ch\/fr\/wp-json\/wp\/v2\/media?parent=435439"}],"wp:term":[{"taxonomy":"product_brand","embeddable":true,"href":"https:\/\/www.bolli-modestoffe.ch\/fr\/wp-json\/wp\/v2\/product_brand?post=435439"},{"taxonomy":"product_cat","embeddable":true,"href":"https:\/\/www.bolli-modestoffe.ch\/fr\/wp-json\/wp\/v2\/product_cat?post=435439"},{"taxonomy":"product_tag","embeddable":true,"href":"https:\/\/www.bolli-modestoffe.ch\/fr\/wp-json\/wp\/v2\/product_tag?post=435439"}],"curies":[{"name":"wp","href":"https:\/\/api.w.org\/{rel}","templated":true}]}}